{"id":9,"date":"2018-07-05T15:03:45","date_gmt":"2018-07-05T15:03:45","guid":{"rendered":"https:\/\/parziani4u.ch\/?page_id=9"},"modified":"2018-09-19T17:08:00","modified_gmt":"2018-09-19T16:08:00","slug":"about","status":"publish","type":"page","link":"https:\/\/parziani4u.ch\/index.php\/about\/","title":{"rendered":"Thomas Parziani"},"content":{"rendered":"\n<figure class=\"wp-block-image is-resized\"><img loading=\"lazy\" src=\"https:\/\/parziani4u.ch\/wp-content\/uploads\/2018\/09\/Thomas-Parziani-2.jpg\" alt=\"\" class=\"wp-image-79\" width=\"210\" height=\"283\" srcset=\"https:\/\/parziani4u.ch\/wp-content\/uploads\/2018\/09\/Thomas-Parziani-2.jpg 3291w, https:\/\/parziani4u.ch\/wp-content\/uploads\/2018\/09\/Thomas-Parziani-2-222x300.jpg 222w, https:\/\/parziani4u.ch\/wp-content\/uploads\/2018\/09\/Thomas-Parziani-2-768x1036.jpg 768w, https:\/\/parziani4u.ch\/wp-content\/uploads\/2018\/09\/Thomas-Parziani-2-759x1024.jpg 759w\" sizes=\"(max-width: 210px) 100vw, 210px\" \/><figcaption><br\/><\/figcaption><\/figure>\n\n\n<p>\u00dcber viele Jahre hinweg habe ich erst IT Entwicklerteams,<br>anschliessend IT-Abteilungen, -Bereiche und -Firmen gef\u00fchrt. Nun will ich als selbst\u00e4ndiger Unternehmer meine F\u00e4higkeiten nicht mehr nur einem Unternehmen zur Verf\u00fcgung zu stellen.<\/p>","protected":false},"excerpt":{"rendered":"<p>\u00dcber viele Jahre hinweg habe ich erst IT Entwicklerteams,anschliessend IT-Abteilungen, -Bereiche und -Firmen gef\u00fchrt. Nun will ich als selbst\u00e4ndiger Unternehmer meine F\u00e4higkeiten nicht mehr nur einem Unternehmen zur Verf\u00fcgung zu stellen.<\/p>\n","protected":false},"author":1,"featured_media":0,"parent":0,"menu_order":0,"comment_status":"closed","ping_status":"closed","template":"","meta":{"advgb_blocks_editor_width":"","advgb_blocks_columns_visual_guide":""},"_links":{"self":[{"href":"https:\/\/parziani4u.ch\/index.php\/wp-json\/wp\/v2\/pages\/9"}],"collection":[{"href":"https:\/\/parziani4u.ch\/index.php\/wp-json\/wp\/v2\/pages"}],"about":[{"href":"https:\/\/parziani4u.ch\/index.php\/wp-json\/wp\/v2\/types\/page"}],"author":[{"embeddable":true,"href":"https:\/\/parziani4u.ch\/index.php\/wp-json\/wp\/v2\/users\/1"}],"replies":[{"embeddable":true,"href":"https:\/\/parziani4u.ch\/index.php\/wp-json\/wp\/v2\/comments?post=9"}],"version-history":[{"count":6,"href":"https:\/\/parziani4u.ch\/index.php\/wp-json\/wp\/v2\/pages\/9\/revisions"}],"predecessor-version":[{"id":81,"href":"https:\/\/parziani4u.ch\/index.php\/wp-json\/wp\/v2\/pages\/9\/revisions\/81"}],"wp:attachment":[{"href":"https:\/\/parziani4u.ch\/index.php\/wp-json\/wp\/v2\/media?parent=9"}],"curies":[{"name":"wp","href":"https:\/\/api.w.org\/{rel}","templated":true}]}}